{"id":551,"date":"2019-05-02T08:29:25","date_gmt":"2019-05-02T07:29:25","guid":{"rendered":"https:\/\/www.love-you.eu\/uber-uns\/"},"modified":"2019-05-02T08:29:26","modified_gmt":"2019-05-02T07:29:26","slug":"uber-uns","status":"publish","type":"page","link":"https:\/\/www.love-you.eu\/de\/uber-uns\/","title":{"rendered":"\u00dcber uns"},"content":{"rendered":"<p>Die Initiative #loveyouEU wurde von Nicolas Entrup, SHIFTING VALUES, und Michael Hartl, [digital fellows], gegr\u00fcndet. Sie wird von zahreichen Privatpersonen unterst\u00fctzt.<\/p>\n<p><strong>SHIFTING VALUES<\/strong> ist eine 2011 in Wien gegr\u00fcndete Kampagnenagentur. Auch wenn unsere Kernkompetenz im Arten-, Tier-, Umwelt- und insbesondere Meeresschutz liegt, sehen wir es privat aufgrund der aktuellen gesellschaftspolitischen Entwicklungen als unsere Verpflichtung an, pro Europa Position zu beziehen. Die Europ\u00e4ische Union ist kein perfektes, sondern ein sich stets weiterentwickelndes Projekt, dessen Richtung wir B\u00fcrgerInnen mitgestalten. -&gt; <a href=\"http:\/\/www.shiftingvalues.com\/\">www.shiftingvalues.com<\/a><\/p>\n<p><strong>[digital fellows]<\/strong> wurde 2017 von Michael Hartl gegr\u00fcndet, um seine langj\u00e4hrigen Aktivit\u00e4ten und Netzwerke rund um Online-Kampagnen, Webentwicklung und Online-Kommunikation zusammenzuf\u00fchren. Als europ\u00e4ische B\u00fcrger von Herzen ist es uns ein Anliegen, die liberalen Werte und Vorz\u00fcge der EU darzustellen, damit die pro-europ\u00e4ischen Gesichtspunkte ebenso laut geh\u00f6rt werden wie jene der Gegner der Freiheit. <a href=\"https:\/\/digitalfellows.eu\/\">-&gt; digitalfellows.eu<\/a><\/p><p><\/p>","protected":false},"excerpt":{"rendered":"<p>Die Initiative #loveyouEU wurde von Nicolas Entrup, SHIFTING VALUES, und Michael Hartl, [digital fellows], gegr\u00fcndet. Sie wird von zahreichen Privatpersonen unterst\u00fctzt. SHIFTING VALUES ist eine 2011 in Wien gegr\u00fcndete Kampagnenagentur. Auch wenn unsere Kernkompetenz im Arten-, Tier-, Umwelt- und insbesondere Meeresschutz liegt, sehen wir es privat aufgrund der aktuellen gesellschaftspolitischen Entwicklungen als unsere Verpflichtung an, [&hellip;]<\/p>\n","protected":false},"author":1,"featured_media":0,"parent":0,"menu_order":0,"comment_status":"closed","ping_status":"closed","template":"","meta":{"footnotes":""},"class_list":["post-551","page","type-page","status-publish","hentry"],"yoast_head":"<!-- This site is optimized with the Yoast SEO plugin v25.2 - https:\/\/yoast.com\/wordpress\/plugins\/seo\/ -->\n<title>\u00dcber uns - #loveyouEU<\/title>\n<meta name=\"robots\" content=\"index, follow, max-snippet:-1, max-image-preview:large, max-video-preview:-1\" \/>\n<link rel=\"canonical\" href=\"https:\/\/www.love-you.eu\/de\/uber-uns\/\" \/>\n<meta property=\"og:locale\" content=\"de_DE\" \/>\n<meta property=\"og:type\" content=\"article\" \/>\n<meta property=\"og:title\" content=\"\u00dcber uns - #loveyouEU\" \/>\n<meta property=\"og:description\" content=\"Die Initiative #loveyouEU wurde von Nicolas Entrup, SHIFTING VALUES, und Michael Hartl, [digital fellows], gegr\u00fcndet. Sie wird von zahreichen Privatpersonen unterst\u00fctzt. SHIFTING VALUES ist eine 2011 in Wien gegr\u00fcndete Kampagnenagentur. Auch wenn unsere Kernkompetenz im Arten-, Tier-, Umwelt- und insbesondere Meeresschutz liegt, sehen wir es privat aufgrund der aktuellen gesellschaftspolitischen Entwicklungen als unsere Verpflichtung an, [&hellip;]\" \/>\n<meta property=\"og:url\" content=\"https:\/\/www.love-you.eu\/de\/uber-uns\/\" \/>\n<meta property=\"og:site_name\" content=\"#loveyouEU\" \/>\n<meta property=\"article:publisher\" content=\"https:\/\/www.facebook.com\/embodyeurope\/\" \/>\n<meta property=\"article:modified_time\" content=\"2019-05-02T07:29:26+00:00\" \/>\n<meta name=\"twitter:card\" content=\"summary_large_image\" \/>\n<meta name=\"twitter:site\" content=\"@loveyou_eu\" \/>\n<meta name=\"twitter:label1\" content=\"Est. reading time\" \/>\n\t<meta name=\"twitter:data1\" content=\"1 minute\" \/>\n<script type=\"application\/ld+json\" class=\"yoast-schema-graph\">{\"@context\":\"https:\/\/schema.org\",\"@graph\":[{\"@type\":\"WebPage\",\"@id\":\"https:\/\/www.love-you.eu\/de\/uber-uns\/\",\"url\":\"https:\/\/www.love-you.eu\/de\/uber-uns\/\",\"name\":\"\u00dcber uns - #loveyouEU\",\"isPartOf\":{\"@id\":\"https:\/\/www.love-you.eu\/de\/#website\"},\"datePublished\":\"2019-05-02T07:29:25+00:00\",\"dateModified\":\"2019-05-02T07:29:26+00:00\",\"breadcrumb\":{\"@id\":\"https:\/\/www.love-you.eu\/de\/uber-uns\/#breadcrumb\"},\"inLanguage\":\"de-DE\",\"potentialAction\":[{\"@type\":\"ReadAction\",\"target\":[\"https:\/\/www.love-you.eu\/de\/uber-uns\/\"]}]},{\"@type\":\"BreadcrumbList\",\"@id\":\"https:\/\/www.love-you.eu\/de\/uber-uns\/#breadcrumb\",\"itemListElement\":[{\"@type\":\"ListItem\",\"position\":1,\"name\":\"Home\",\"item\":\"https:\/\/www.love-you.eu\/de\/\"},{\"@type\":\"ListItem\",\"position\":2,\"name\":\"\u00dcber uns\"}]},{\"@type\":\"WebSite\",\"@id\":\"https:\/\/www.love-you.eu\/de\/#website\",\"url\":\"https:\/\/www.love-you.eu\/de\/\",\"name\":\"#loveyouEU\",\"description\":\"my future. my choice\",\"potentialAction\":[{\"@type\":\"SearchAction\",\"target\":{\"@type\":\"EntryPoint\",\"urlTemplate\":\"https:\/\/www.love-you.eu\/de\/?s={search_term_string}\"},\"query-input\":{\"@type\":\"PropertyValueSpecification\",\"valueRequired\":true,\"valueName\":\"search_term_string\"}}],\"inLanguage\":\"de-DE\"}]}<\/script>\n<!-- \/ Yoast SEO plugin. -->","yoast_head_json":{"title":"\u00dcber uns - #loveyouEU","robots":{"index":"index","follow":"follow","max-snippet":"max-snippet:-1","max-image-preview":"max-image-preview:large","max-video-preview":"max-video-preview:-1"},"canonical":"https:\/\/www.love-you.eu\/de\/uber-uns\/","og_locale":"de_DE","og_type":"article","og_title":"\u00dcber uns - #loveyouEU","og_description":"Die Initiative #loveyouEU wurde von Nicolas Entrup, SHIFTING VALUES, und Michael Hartl, [digital fellows], gegr\u00fcndet. Sie wird von zahreichen Privatpersonen unterst\u00fctzt. SHIFTING VALUES ist eine 2011 in Wien gegr\u00fcndete Kampagnenagentur. Auch wenn unsere Kernkompetenz im Arten-, Tier-, Umwelt- und insbesondere Meeresschutz liegt, sehen wir es privat aufgrund der aktuellen gesellschaftspolitischen Entwicklungen als unsere Verpflichtung an, [&hellip;]","og_url":"https:\/\/www.love-you.eu\/de\/uber-uns\/","og_site_name":"#loveyouEU","article_publisher":"https:\/\/www.facebook.com\/embodyeurope\/","article_modified_time":"2019-05-02T07:29:26+00:00","twitter_card":"summary_large_image","twitter_site":"@loveyou_eu","twitter_misc":{"Est. reading time":"1 minute"},"schema":{"@context":"https:\/\/schema.org","@graph":[{"@type":"WebPage","@id":"https:\/\/www.love-you.eu\/de\/uber-uns\/","url":"https:\/\/www.love-you.eu\/de\/uber-uns\/","name":"\u00dcber uns - #loveyouEU","isPartOf":{"@id":"https:\/\/www.love-you.eu\/de\/#website"},"datePublished":"2019-05-02T07:29:25+00:00","dateModified":"2019-05-02T07:29:26+00:00","breadcrumb":{"@id":"https:\/\/www.love-you.eu\/de\/uber-uns\/#breadcrumb"},"inLanguage":"de-DE","potentialAction":[{"@type":"ReadAction","target":["https:\/\/www.love-you.eu\/de\/uber-uns\/"]}]},{"@type":"BreadcrumbList","@id":"https:\/\/www.love-you.eu\/de\/uber-uns\/#breadcrumb","itemListElement":[{"@type":"ListItem","position":1,"name":"Home","item":"https:\/\/www.love-you.eu\/de\/"},{"@type":"ListItem","position":2,"name":"\u00dcber uns"}]},{"@type":"WebSite","@id":"https:\/\/www.love-you.eu\/de\/#website","url":"https:\/\/www.love-you.eu\/de\/","name":"#loveyouEU","description":"my future. my choice","potentialAction":[{"@type":"SearchAction","target":{"@type":"EntryPoint","urlTemplate":"https:\/\/www.love-you.eu\/de\/?s={search_term_string}"},"query-input":{"@type":"PropertyValueSpecification","valueRequired":true,"valueName":"search_term_string"}}],"inLanguage":"de-DE"}]}},"_links":{"self":[{"href":"https:\/\/www.love-you.eu\/de\/wp-json\/wp\/v2\/pages\/551","targetHints":{"allow":["GET"]}}],"collection":[{"href":"https:\/\/www.love-you.eu\/de\/wp-json\/wp\/v2\/pages"}],"about":[{"href":"https:\/\/www.love-you.eu\/de\/wp-json\/wp\/v2\/types\/page"}],"author":[{"embeddable":true,"href":"https:\/\/www.love-you.eu\/de\/wp-json\/wp\/v2\/users\/1"}],"replies":[{"embeddable":true,"href":"https:\/\/www.love-you.eu\/de\/wp-json\/wp\/v2\/comments?post=551"}],"version-history":[{"count":1,"href":"https:\/\/www.love-you.eu\/de\/wp-json\/wp\/v2\/pages\/551\/revisions"}],"predecessor-version":[{"id":552,"href":"https:\/\/www.love-you.eu\/de\/wp-json\/wp\/v2\/pages\/551\/revisions\/552"}],"wp:attachment":[{"href":"https:\/\/www.love-you.eu\/de\/wp-json\/wp\/v2\/media?parent=551"}],"curies":[{"name":"wp","href":"https:\/\/api.w.org\/{rel}","templated":true}]}}